{"id":50,"date":"2025-06-03T09:28:05","date_gmt":"2025-06-03T07:28:05","guid":{"rendered":"https:\/\/tecartherapie.fr\/?page_id=50"},"modified":"2025-06-30T15:19:52","modified_gmt":"2025-06-30T13:19:52","slug":"histoires","status":"publish","type":"page","link":"https:\/\/tecartherapie.fr\/index.php\/histoires\/","title":{"rendered":"HISTOIRES"},"content":{"rendered":"\t\t<div data-elementor-type=\"wp-page\" data-elementor-id=\"50\" class=\"elementor elementor-50\" data-elementor-post-type=\"page\">\n\t\t\t\t<div class=\"elementor-element elementor-element-23c33e08 e-con-full e-flex e-con e-parent\" data-id=\"23c33e08\" data-element_type=\"container\" data-settings=\"{&quot;background_background&quot;:&quot;classic&quot;}\">\n\t\t\t\t<div class=\"elementor-element elementor-element-5f19aaca elementor-widget elementor-widget-heading\" data-id=\"5f19aaca\" data-element_type=\"widget\" data-widget_type=\"heading.default\">\n\t\t\t\t<div class=\"elementor-widget-container\">\n\t\t\t\t\t<h2 class=\"elementor-heading-title elementor-size-default\"><b>L\u2019h\u00e9ritage scientifique d\u2019une r\u00e9volution th\u00e9rapeutique<\/b><\/h2>\t\t\t\t<\/div>\n\t\t\t\t<\/div>\n\t\t\t\t<\/div>\n\t\t<div class=\"elementor-element elementor-element-ce9d877 e-flex e-con-boxed e-con e-parent\" data-id=\"ce9d877\" data-element_type=\"container\">\n\t\t\t\t\t<div class=\"e-con-inner\">\n\t\t\t\t<div class=\"elementor-element elementor-element-b6e120f elementor-widget elementor-widget-timeline-widget-addon\" data-id=\"b6e120f\" data-element_type=\"widget\" data-widget_type=\"timeline-widget-addon.default\">\n\t\t\t\t<div class=\"elementor-widget-container\">\n\t\t\t\t\t<!-- ========= Timeline Widget Addon For Elementor 1.6.8 ========= -->\n<div id=\"twae-wrapper-b6e120f\" class=\"twae-vertical twae-wrapper  twae-both-sided\">   \n    <div class=\"twae-start\"><\/div>    \n    <div id=\"twea-timeline-b6e120f\" class=\"twae-timeline\" ><!-- Start of Story Repeater Content --><div id=\"story-1f33a33\" class=\"twae-story twae-repeater-item twae-story-right twae-story-no-icon\"><!-- Story Label --><div class=\"twae-labels\"><div class=\"twae-label-big\">1890<\/div><\/div><!-- Story Icon --><div class=\"twae-icon\"><i aria-hidden=\"true\" class=\"far fa-clock\"><\/i><\/div><!-- Story Arrow --><div class=\"twae-arrow\"><\/div><!-- Start of Story Content --><div class=\"twae-content\"><!-- Story Description --><div class=\"twae-description\"><p style=\"text-align: justify\">Le professeur William Beaumont, m\u00e9decin et physicien m\u00e9dical am\u00e9ricain, publie un ouvrage sur la diathermie et ses modes d\u2019application CET et RET, fruit de ses exp\u00e9riences \u00e0 l\u2019aide de plusieurs \u00e9quipements de physioth\u00e9rapie \u00e0 des fr\u00e9quences comprises entre 300 et 500 kHz.<\/p><\/div><\/div><\/div><!-- Start of Story Repeater Content --><div id=\"story-685eaa6\" class=\"twae-story twae-repeater-item twae-story-left twae-story-no-icon\"><!-- Story Label --><div class=\"twae-labels\"><div class=\"twae-label-big\">Ann\u00e9es 1920<\/div><\/div><!-- Story Icon --><div class=\"twae-icon\"><i aria-hidden=\"true\" class=\"far fa-clock\"><\/i><\/div><!-- Story Arrow --><div class=\"twae-arrow\"><\/div><!-- Start of Story Content --><div class=\"twae-content\"><!-- Story Description --><div class=\"twae-description\"><p style=\"text-align: justify\">Les premi\u00e8res \u00e9lectrodes CET (capacitives) et RET (r\u00e9sistives) sont d\u00e9velopp\u00e9es par d\u2019Arsonval et quelques autres m\u00e9decins et inventeurs.<\/p><\/div><\/div><\/div><!-- Start of Story Repeater Content --><div id=\"story-c7ca13e\" class=\"twae-story twae-repeater-item twae-story-right twae-story-no-icon\"><!-- Story Label --><div class=\"twae-labels\"><div class=\"twae-label-big\">1939<\/div><\/div><!-- Story Icon --><div class=\"twae-icon\"><i aria-hidden=\"true\" class=\"far fa-clock\"><\/i><\/div><!-- Story Arrow --><div class=\"twae-arrow\"><\/div><!-- Start of Story Content --><div class=\"twae-content\"><!-- Story Description --><div class=\"twae-description\"><p style=\"text-align: justify\">Le m\u00e9decin, physicien et inventeur fran\u00e7ais Jacques Ars\u00e8ne d\u2019Arsonval met au point les courants \u00e0 haute fr\u00e9quence. P\u00e8re de la diathermie, il r\u00e9alise de nombreuses \u00e9tudes sur l\u2019\u00e9lectroth\u00e9rapie et d\u00e9couvre les bienfaits de la perm\u00e9abilit\u00e9 de la membrane plasmique \u00e0 partir de 100 kHz jusqu\u2019\u00e0 10 MHz.<\/p><\/div><\/div><\/div><!-- Start of Story Repeater Content --><div id=\"story-e4bb3d7\" class=\"twae-story twae-repeater-item twae-story-left twae-story-no-icon\"><!-- Story Label --><div class=\"twae-labels\"><div class=\"twae-label-big\">Ann\u00e9es 1950<\/div><\/div><!-- Story Icon --><div class=\"twae-icon\"><i aria-hidden=\"true\" class=\"far fa-clock\"><\/i><\/div><!-- Story Arrow --><div class=\"twae-arrow\"><\/div><!-- Start of Story Content --><div class=\"twae-content\"><!-- Story Description --><div class=\"twae-description\"><p style=\"text-align: justify\">Le courant \u00e0 haute fr\u00e9quence est utilis\u00e9 pour la premi\u00e8re fois en chirurgie \u00e0 des fins d\u2019\u00e9lectrocaut\u00e9risation. Le scalpel \u00e9lectronique est employ\u00e9 pour acc\u00e9l\u00e9rer la cicatrisation, poussant les chirurgiens esth\u00e9tiques \u00e0 mettre au point de nouvelles \u00e9lectrodes utilisant cette \u00e9nergie (ex. MIX multipolaires) et de nouvelles fr\u00e9quences (1 MHz). On note alors l\u2019arriv\u00e9e des premi\u00e8res \u00e9lectrodes mobiles.<\/p><\/div><\/div><\/div><!-- Start of Story Repeater Content --><div id=\"story-2ac7b25\" class=\"twae-story twae-repeater-item twae-story-right twae-story-no-icon\"><!-- Story Label --><div class=\"twae-labels\"><div class=\"twae-label-big\">1985<\/div><\/div><!-- Story Icon --><div class=\"twae-icon\"><i aria-hidden=\"true\" class=\"far fa-clock\"><\/i><\/div><!-- Story Arrow --><div class=\"twae-arrow\"><\/div><!-- Start of Story Content --><div class=\"twae-content\"><!-- Story Description --><div class=\"twae-description\"><p style=\"text-align: justify\">Les courants \u00e0 haute fr\u00e9quence font leur entr\u00e9e dans le monde de la m\u00e9decine esth\u00e9tique gr\u00e2ce aux \u00e9lectrodes multipolaires qui pr\u00e9sentent une action sur la peau, avec une fr\u00e9quence de 1 MHz et une puissance de 100 W.<\/p><\/div><\/div><\/div><!-- Start of Story Repeater Content --><div id=\"story-9b28705\" class=\"twae-story twae-repeater-item twae-story-left twae-story-no-icon\"><!-- Story Label --><div class=\"twae-labels\"><div class=\"twae-label-big\">1995<\/div><\/div><!-- Story Icon --><div class=\"twae-icon\"><i aria-hidden=\"true\" class=\"far fa-clock\"><\/i><\/div><!-- Story Arrow --><div class=\"twae-arrow\"><\/div><!-- Start of Story Content --><div class=\"twae-content\"><!-- Story Description --><div class=\"twae-description\"><p style=\"text-align: justify\">C\u2019est en Italie qu\u2019est n\u00e9 le courant \u00e0 haute fr\u00e9quence TECAR (Transfert \u00c9lectrique, Capacitif et R\u00e9sistif) quand des professeurs de m\u00e9decine ont d\u00e9velopp\u00e9 des protocoles de r\u00e9\u00e9ducation fonctionnelle \u00e0 l\u2019aide d\u2019\u00e9lectrodes mobiles non-invasives en se fondant sur les travaux d\u2019Arsonval et Beaumont. Le courant TECAR privil\u00e9gie l\u2019effet diathermie. Sa fr\u00e9quence est comprise entre 500 et 650 kHz et sa puissance est de 300 W. N.B. : \u00e0 ce jour, aucune fr\u00e9quence n\u2019a \u00e9t\u00e9 d\u00e9pos\u00e9e ou brevet\u00e9e par un fabricant.<\/p><\/div><\/div><\/div><!-- Start of Story Repeater Content --><div id=\"story-a5b46ff\" class=\"twae-story twae-repeater-item twae-story-right twae-story-no-icon\"><!-- Story Label --><div class=\"twae-labels\"><div class=\"twae-label-big\">1996<\/div><\/div><!-- Story Icon --><div class=\"twae-icon\"><i aria-hidden=\"true\" class=\"far fa-clock\"><\/i><\/div><!-- Story Arrow --><div class=\"twae-arrow\"><\/div><!-- Start of Story Content --><div class=\"twae-content\"><!-- Story Description --><div class=\"twae-description\"><p style=\"text-align: justify\">L\u2019\u00e9quipe de chercheurs men\u00e9e par C. Gabriel r\u00e9alise une \u00e9tude sur plusieurs types de tissus biologiques (\u00ab Les propri\u00e9t\u00e9s di\u00e9lectriques des tissus biologiques \u00bb). Cela lui permet de d\u00e9montrer la perm\u00e9abilit\u00e9 des membranes cellulaires pour des fr\u00e9quences allant de 300 kHz \u00e0 1 MHz. L\u2019\u00e9nergie de la t\u00e9carth\u00e9rapie emp\u00eache la polarisation membranaire et, de ce fait, facilite les \u00e9changes intra- et extracellulaires.<\/p><\/div><\/div><\/div><!-- Start of Story Repeater Content --><div id=\"story-701783c\" class=\"twae-story twae-repeater-item twae-story-left twae-story-no-icon\"><!-- Story Label --><div class=\"twae-labels\"><div class=\"twae-label-big\">2013<\/div><\/div><!-- Story Icon --><div class=\"twae-icon\"><i aria-hidden=\"true\" class=\"far fa-clock\"><\/i><\/div><!-- Story Arrow --><div class=\"twae-arrow\"><\/div><!-- Start of Story Content --><div class=\"twae-content\"><!-- Story Description --><div class=\"twae-description\"><p style=\"text-align: justify\">La soci\u00e9t\u00e9 Winback est cr\u00e9\u00e9 en France avec un objectif : combiner pour la premi\u00e8re fois l\u2019\u00e9valuation clinique, la th\u00e9rapie manuelle et la physioth\u00e9rapie. En 10 ans, la soci\u00e9t\u00e9 s\u2019est d\u00e9velopp\u00e9e dans 48 pays et compte sur une \u00e9quipe de 120 personnes dans 7 si\u00e8ges \u00e0 travers le monde.<\/p><\/div><\/div><\/div><\/div>\n    <div class=\"twae-end\"><\/div>\n    <\/div><style type=\"text\/css\">@media (max-width: 1024px){ .twae-wrapper{--tw-ybx-size: 80px !important;}}@media (max-width: 767px){ .twae-wrapper{--tw-ybx-size: 80px !important}}<\/style>\t\t\t\t<\/div>\n\t\t\t\t<\/div>\n\t\t\t\t\t<\/div>\n\t\t\t\t<\/div>\n\t\t\t\t<\/div>\n\t\t","protected":false},"excerpt":{"rendered":"<p>L\u2019h\u00e9ritage scientifique d\u2019une r\u00e9volution th\u00e9rapeutique 1890 Le professeur William Beaumont, m\u00e9decin et physicien m\u00e9dical am\u00e9ricain, publie un ouvrage sur la diathermie et ses modes d\u2019application CET et RET, fruit de ses exp\u00e9riences \u00e0 l\u2019aide de plusieurs \u00e9quipements de physioth\u00e9rapie \u00e0 des fr\u00e9quences comprises entre 300 et 500 kHz. Ann\u00e9es 1920 Les premi\u00e8res \u00e9lectrodes CET (capacitives) [&hellip;]<\/p>\n","protected":false},"author":2,"featured_media":0,"parent":0,"menu_order":0,"comment_status":"closed","ping_status":"closed","template":"","meta":{"footnotes":""},"class_list":["post-50","page","type-page","status-publish","hentry"],"_links":{"self":[{"href":"https:\/\/tecartherapie.fr\/index.php\/wp-json\/wp\/v2\/pages\/50","targetHints":{"allow":["GET"]}}],"collection":[{"href":"https:\/\/tecartherapie.fr\/index.php\/wp-json\/wp\/v2\/pages"}],"about":[{"href":"https:\/\/tecartherapie.fr\/index.php\/wp-json\/wp\/v2\/types\/page"}],"author":[{"embeddable":true,"href":"https:\/\/tecartherapie.fr\/index.php\/wp-json\/wp\/v2\/users\/2"}],"replies":[{"embeddable":true,"href":"https:\/\/tecartherapie.fr\/index.php\/wp-json\/wp\/v2\/comments?post=50"}],"version-history":[{"count":31,"href":"https:\/\/tecartherapie.fr\/index.php\/wp-json\/wp\/v2\/pages\/50\/revisions"}],"predecessor-version":[{"id":838,"href":"https:\/\/tecartherapie.fr\/index.php\/wp-json\/wp\/v2\/pages\/50\/revisions\/838"}],"wp:attachment":[{"href":"https:\/\/tecartherapie.fr\/index.php\/wp-json\/wp\/v2\/media?parent=50"}],"curies":[{"name":"wp","href":"https:\/\/api.w.org\/{rel}","templated":true}]}}